{"id":179,"date":"2024-06-19T14:23:57","date_gmt":"2024-06-19T14:23:57","guid":{"rendered":"https:\/\/www.closdelours.com\/?post_type=product&#038;p=179"},"modified":"2025-10-29T18:17:09","modified_gmt":"2025-10-29T16:17:09","slug":"clos-de-lours-le-chemin-rouge","status":"publish","type":"product","link":"https:\/\/www.closdelours.com\/index.php\/product\/clos-de-lours-le-chemin-rouge\/","title":{"rendered":"Le Chemin &#8211; Rouge 2023"},"content":{"rendered":"<div class=\"elementor-element elementor-element-f990a3b elementor-widget elementor-widget-woocommerce-product-title elementor-page-title elementor-widget-heading\" data-id=\"f990a3b\" data-element_type=\"widget\" data-widget_type=\"woocommerce-product-title.default\">\n<div class=\"elementor-widget-container\">Le Chemin est un vin rouge charnu et profond avec une belle complexit\u00e9 et beaucoup de finesse et de fra\u00eecheur.<\/div>\n<div class=\"elementor-widget-container\">Une cuv\u00e9e embl\u00e9matique du domaine.<\/div>\n<div><\/div>\n<\/div>\n<div class=\"elementor-element elementor-element-1dacc33 elementor-widget elementor-widget-woocommerce-product-content\" data-id=\"1dacc33\" data-element_type=\"widget\" data-widget_type=\"woocommerce-product-content.default\">\n<div class=\"elementor-widget-container\">\n<p><strong>T\u00b0 de service: 15 degr\u00e9s<\/strong><\/p>\n<p>&nbsp;<\/p>\n<p><em>C\u00e9pages :\u00a0<\/em>Grenache 30% &#8211; Mourv\u00e8dre 35% &#8211; Syrah 25% &#8211; Cinsault 10%<\/p>\n<p>Age des vignes : 55 ans<\/p>\n<p>AOP C\u00f4tes de Provence<\/p>\n<p>13,5%<\/p>\n<p>&nbsp;<\/p>\n<p><em>Vinification\u00a0:<\/em><\/p>\n<p>Vendanges int\u00e9gralement manuelles, en caisses, faites du 05\/09 au 15\/09\/2023<\/p>\n<p>Eraflage total sans foulage et fermentation alcoolique en levures indig\u00e8nes<\/p>\n<p>Mac\u00e9ration de 5 semaines en cuve avec l\u00e9ger remontage d\u2019homog\u00e9n\u00e9isation<\/p>\n<p>Elevage de 12 mois en foudres de ch\u00eane puis 6 mois suppl\u00e9mentaire en cuve.<\/p>\n<p>Vin non coll\u00e9, non filtr\u00e9. Seul un peu de sulfites a \u00e9t\u00e9 ajout\u00e9.<\/p>\n<p>Un d\u00e9p\u00f4t naturel peut appara\u00eetre.<\/p>\n<\/div>\n<\/div>\n<p>&nbsp;<\/p>\n<p>&nbsp;<\/p>\n<p><strong>Le Guide des Meilleurs Vins de France 2025:<\/strong><\/p>\n<p><em>\u00ab\u00a0Dot\u00e9s d&rsquo;une tension savoureuse, les trois rouges sont parfaits pour comprendre l&rsquo;expression sudiste des raisins sur les terroirs calcaire de Provence dans un mill\u00e9sime 2021 qui en r\u00e9v\u00e8le la fra\u00eecheur. [&#8230;] Le grenache et le mourv\u00e8dre dominent l&rsquo;assemblage de la cuv\u00e9e Le Chemin\u00a0\u00bb<\/em><\/p>\n","protected":false},"excerpt":{"rendered":"<p>Le Chemin est un vin rouge charnu et fruit\u00e9, avec une belle complexit\u00e9 et beaucoup de finesse.<\/p>\n<p>Une cuv\u00e9e embl\u00e9matique du domaine.<\/p>\n<p>&nbsp;<\/p>\n<p><strong>T\u00b0 de service: 15 degr\u00e9s<\/strong><\/p>\n<p>&nbsp;<\/p>\n<p><em>C\u00e9pages :<\/em> Grenache 30% &#8211; Mourv\u00e8dre 35% &#8211; Syrah 25% et Cinsault 10%<\/p>\n<p>Age des vignes : 55 ans<\/p>\n<p>AOP C\u00f4tes de Provence<\/p>\n<p>13,5%<\/p>\n<p>&nbsp;<\/p>\n<p><em>Vinification\u00a0:<\/em><\/p>\n<p>Vendanges int\u00e9gralement manuelles, en caisses, faites du 05\/09 au 15\/09\/2023<\/p>\n<p>Eraflage total sans foulage et fermentation alcoolique en levures indig\u00e8nes<\/p>\n<p>Mac\u00e9ration de 5 semaines en cuve avec l\u00e9ger remontage d\u2019homog\u00e9n\u00e9isation<\/p>\n<p>Elevage de 12 mois en foudre de ch\u00eane puis 6 mois en cuve.<\/p>\n<p>Vin non coll\u00e9, non filtr\u00e9. Seul un peu de sulfites a \u00e9t\u00e9 ajout\u00e9.<\/p>\n","protected":false},"featured_media":1929,"comment_status":"open","ping_status":"closed","template":"","meta":[],"product_brand":[],"product_cat":[25],"product_tag":[],"class_list":{"0":"post-179","1":"product","2":"type-product","3":"status-publish","4":"has-post-thumbnail","6":"product_cat-rouge","8":"first","9":"instock","10":"shipping-taxable","11":"purchasable","12":"product-type-simple"},"_links":{"self":[{"href":"https:\/\/www.closdelours.com\/index.php\/wp-json\/wp\/v2\/product\/179","targetHints":{"allow":["GET"]}}],"collection":[{"href":"https:\/\/www.closdelours.com\/index.php\/wp-json\/wp\/v2\/product"}],"about":[{"href":"https:\/\/www.closdelours.com\/index.php\/wp-json\/wp\/v2\/types\/product"}],"replies":[{"embeddable":true,"href":"https:\/\/www.closdelours.com\/index.php\/wp-json\/wp\/v2\/comments?post=179"}],"wp:featuredmedia":[{"embeddable":true,"href":"https:\/\/www.closdelours.com\/index.php\/wp-json\/wp\/v2\/media\/1929"}],"wp:attachment":[{"href":"https:\/\/www.closdelours.com\/index.php\/wp-json\/wp\/v2\/media?parent=179"}],"wp:term":[{"taxonomy":"product_brand","embeddable":true,"href":"https:\/\/www.closdelours.com\/index.php\/wp-json\/wp\/v2\/product_brand?post=179"},{"taxonomy":"product_cat","embeddable":true,"href":"https:\/\/www.closdelours.com\/index.php\/wp-json\/wp\/v2\/product_cat?post=179"},{"taxonomy":"product_tag","embeddable":true,"href":"https:\/\/www.closdelours.com\/index.php\/wp-json\/wp\/v2\/product_tag?post=179"}],"curies":[{"name":"wp","href":"https:\/\/api.w.org\/{rel}","templated":true}]}}