{"id":176,"date":"2024-06-19T14:20:58","date_gmt":"2024-06-19T14:20:58","guid":{"rendered":"https:\/\/www.closdelours.com\/?post_type=product&#038;p=176"},"modified":"2025-04-23T09:30:17","modified_gmt":"2025-04-23T07:30:17","slug":"clos-de-lours-milia-blanc","status":"publish","type":"product","link":"https:\/\/www.closdelours.com\/index.php\/product\/clos-de-lours-milia-blanc\/","title":{"rendered":"Milia &#8211; Blanc 2024"},"content":{"rendered":"<p>La cuv\u00e9e Milia est un vin blanc avec beaucoup de fra\u00eecheur, une belle min\u00e9ralit\u00e9 et une jolie salinit\u00e9. Le vin blanc embl\u00e9matique du domaine.<\/p>\n<p>Le rolle apporte la fra\u00eecheur et des notes d&rsquo;agrumes. La clairette des ar\u00f4mes de fleurs blanches, d&rsquo;acacia et la tension. L&rsquo;ugni blanc la finesse et la mati\u00e8re en bouche.<\/p>\n<p>&nbsp;<\/p>\n<p><em>C\u00e9pages :\u00a0<\/em>Rolle 40% \u2013 Ugni Blanc 35% \u2013 Clairette 25%<\/p>\n<p>Age des vignes : 50 ans<\/p>\n<p>AOP C\u00f4tes de Provence<\/p>\n<p>13%<\/p>\n<p>&nbsp;<\/p>\n<p><em>Vinification\u00a0:<\/em><\/p>\n<p>Vendanges int\u00e9gralement manuelles, en caisses, faites du 02 au 17\/09\/2024<\/p>\n<p>Courte mac\u00e9ration dans le pressoir puis d\u00e9bourbage en cuve<\/p>\n<p>Fermentation en levures indig\u00e8nes<\/p>\n<p>Elevage sur lies fines majoritairement en cuve en acier \u00e9maill\u00e9 et en partie en foudre de ch\u00eane<\/p>\n<p>&nbsp;<\/p>\n<p>&nbsp;<\/p>\n<p><strong>Le Guide des Meilleurs Vins de France 2025:<\/strong><\/p>\n<p><em>\u00ab\u00a0Le panache du blanc Milia, belle expression proven\u00e7ale (un fruit tendre sous une touche iod\u00e9e) et pleine d&rsquo;allure, auquel une courte mac\u00e9ration a apport\u00e9 une profondeur et un toucher in\u00e9dits.\u00a0\u00bb<\/em><\/p>\n","protected":false},"excerpt":{"rendered":"<p>La cuv\u00e9e Milia est un vin blanc avec beaucoup de fra\u00eecheur, une belle min\u00e9ralit\u00e9 et une jolie salinit\u00e9. Le vin blanc embl\u00e9matique du domaine. Le rolle apporte la fra\u00eecheur et des notes d&rsquo;agrumes. La clairette des ar\u00f4mes de fleurs blanches, d&rsquo;acacia et la tension. L&rsquo;ugni blanc la finesse et la mati\u00e8re en bouche. &nbsp; C\u00e9pages [&hellip;]<\/p>\n","protected":false},"featured_media":1932,"comment_status":"open","ping_status":"closed","template":"","meta":[],"product_brand":[],"product_cat":[24],"product_tag":[],"class_list":{"0":"post-176","1":"product","2":"type-product","3":"status-publish","4":"has-post-thumbnail","6":"product_cat-blanc","8":"first","9":"instock","10":"shipping-taxable","11":"purchasable","12":"product-type-simple"},"_links":{"self":[{"href":"https:\/\/www.closdelours.com\/index.php\/wp-json\/wp\/v2\/product\/176","targetHints":{"allow":["GET"]}}],"collection":[{"href":"https:\/\/www.closdelours.com\/index.php\/wp-json\/wp\/v2\/product"}],"about":[{"href":"https:\/\/www.closdelours.com\/index.php\/wp-json\/wp\/v2\/types\/product"}],"replies":[{"embeddable":true,"href":"https:\/\/www.closdelours.com\/index.php\/wp-json\/wp\/v2\/comments?post=176"}],"wp:featuredmedia":[{"embeddable":true,"href":"https:\/\/www.closdelours.com\/index.php\/wp-json\/wp\/v2\/media\/1932"}],"wp:attachment":[{"href":"https:\/\/www.closdelours.com\/index.php\/wp-json\/wp\/v2\/media?parent=176"}],"wp:term":[{"taxonomy":"product_brand","embeddable":true,"href":"https:\/\/www.closdelours.com\/index.php\/wp-json\/wp\/v2\/product_brand?post=176"},{"taxonomy":"product_cat","embeddable":true,"href":"https:\/\/www.closdelours.com\/index.php\/wp-json\/wp\/v2\/product_cat?post=176"},{"taxonomy":"product_tag","embeddable":true,"href":"https:\/\/www.closdelours.com\/index.php\/wp-json\/wp\/v2\/product_tag?post=176"}],"curies":[{"name":"wp","href":"https:\/\/api.w.org\/{rel}","templated":true}]}}