{"id":160,"date":"2024-06-19T13:33:21","date_gmt":"2024-06-19T13:33:21","guid":{"rendered":"https:\/\/www.closdelours.com\/?post_type=product&#038;p=160"},"modified":"2026-01-23T16:26:13","modified_gmt":"2026-01-23T14:26:13","slug":"clos-de-lours-laccent-rose","status":"publish","type":"product","link":"https:\/\/www.closdelours.com\/index.php\/product\/clos-de-lours-laccent-rose\/","title":{"rendered":"L&rsquo;Accent &#8211; Ros\u00e9 2025"},"content":{"rendered":"<p>L&rsquo;Accent est un vin ros\u00e9 avec une belle complexit\u00e9 et une fra\u00eecheur caract\u00e9ristique. De la mati\u00e8re en bouche, tout en finesse, et une finale salivante et tendue. Un vrai vin de repas.<\/p>\n<p>&nbsp;<\/p>\n<p><em>C\u00e9pages : <\/em>Cinsault 29% \u2013 Syrah 10% \u2013 Grenache 24% &#8211; Carignan 27% &#8211; Mourv\u00e8dre 10%<\/p>\n<p>Age des vignes : 45 ans<\/p>\n<p>AOP C\u00f4tes de Provence<\/p>\n<p>13%<\/p>\n<p>&nbsp;<\/p>\n<p><em>Vinification\u00a0:<\/em><\/p>\n<p>Vendanges int\u00e9gralement manuelles, en caisses, faites du 27\/08 au 17\/09\/2025<\/p>\n<p>Pressurage direct et fermentation thermo-r\u00e9gul\u00e9e autour de 18\u00b0. Pr\u00e9-assemblage d\u00e8s le pressurage.<\/p>\n<p>Aucune vinification en mono-c\u00e9page<\/p>\n<p>Elevage sur lies fines en cuve en acier \u00e9maill\u00e9<\/p>\n<p>&nbsp;<\/p>\n<p>&nbsp;<\/p>\n<p><strong>Le Guide des Meilleurs Vins de France 2025:<\/strong><\/p>\n<p><em>\u00ab\u00a0L&rsquo;Accent est un ros\u00e9 simple et fin, d\u00e9licat&#8230;\u00a0\u00bb<\/em><\/p>\n","protected":false},"excerpt":{"rendered":"<p>L&rsquo;Accent est un vin ros\u00e9 avec une belle complexit\u00e9 et une fra\u00eecheur caract\u00e9ristique. De la mati\u00e8re en bouche, tout en finesse, et une finale salivante et tendue. Un vrai vin de repas. &nbsp; C\u00e9pages : Cinsault 29% \u2013 Syrah 10% \u2013 Grenache 24% &#8211; Carignan 27% &#8211; Mourv\u00e8dre 10% Age des vignes : 45 ans [&hellip;]<\/p>\n","protected":false},"featured_media":1933,"comment_status":"open","ping_status":"closed","template":"","meta":[],"product_brand":[],"product_cat":[19],"product_tag":[],"class_list":{"0":"post-160","1":"product","2":"type-product","3":"status-publish","4":"has-post-thumbnail","6":"product_cat-rose","8":"first","9":"outofstock","10":"shipping-taxable","11":"purchasable","12":"product-type-simple"},"_links":{"self":[{"href":"https:\/\/www.closdelours.com\/index.php\/wp-json\/wp\/v2\/product\/160","targetHints":{"allow":["GET"]}}],"collection":[{"href":"https:\/\/www.closdelours.com\/index.php\/wp-json\/wp\/v2\/product"}],"about":[{"href":"https:\/\/www.closdelours.com\/index.php\/wp-json\/wp\/v2\/types\/product"}],"replies":[{"embeddable":true,"href":"https:\/\/www.closdelours.com\/index.php\/wp-json\/wp\/v2\/comments?post=160"}],"wp:featuredmedia":[{"embeddable":true,"href":"https:\/\/www.closdelours.com\/index.php\/wp-json\/wp\/v2\/media\/1933"}],"wp:attachment":[{"href":"https:\/\/www.closdelours.com\/index.php\/wp-json\/wp\/v2\/media?parent=160"}],"wp:term":[{"taxonomy":"product_brand","embeddable":true,"href":"https:\/\/www.closdelours.com\/index.php\/wp-json\/wp\/v2\/product_brand?post=160"},{"taxonomy":"product_cat","embeddable":true,"href":"https:\/\/www.closdelours.com\/index.php\/wp-json\/wp\/v2\/product_cat?post=160"},{"taxonomy":"product_tag","embeddable":true,"href":"https:\/\/www.closdelours.com\/index.php\/wp-json\/wp\/v2\/product_tag?post=160"}],"curies":[{"name":"wp","href":"https:\/\/api.w.org\/{rel}","templated":true}]}}