{"id":1199,"date":"2024-08-21T12:52:48","date_gmt":"2024-08-21T10:52:48","guid":{"rendered":"https:\/\/www.closdelours.com\/?post_type=product&#038;p=1199"},"modified":"2026-04-13T18:07:01","modified_gmt":"2026-04-13T16:07:01","slug":"les-peaux-rouges-blanc-2023","status":"publish","type":"product","link":"https:\/\/www.closdelours.com\/index.php\/product\/les-peaux-rouges-blanc-2023\/","title":{"rendered":"Les Peaux Rouges &#8211; Blanc de noir 2025"},"content":{"rendered":"<p>La cuv\u00e9e Les Peaux Rouges est un vin blanc, issu de raisins noirs, de l&rsquo;une de nos plus vieilles parcelles de Cinsault. Un vin blanc atypique avec une belle fraicheur, du gras et des notes de fruits rouges.<\/p>\n<p>&nbsp;<\/p>\n<p>Cuv\u00e9e parcellaire produite \u00e0 2200 bouteilles en 2025<\/p>\n<p>&nbsp;<\/p>\n<p><em>C\u00e9pages :\u00a0<\/em>Cinsault 100%<\/p>\n<p>Age des vignes : 65 ans<\/p>\n<p>Vin de France<\/p>\n<p>12,5%<\/p>\n<p>&nbsp;<\/p>\n<p><em>Vinification\u00a0:<\/em><\/p>\n<p>Vendanges int\u00e9gralement manuelles, en caisses, le 09.09.2025<\/p>\n<p>Pressurage direct et conservation des jus de gouttes uniquement.<\/p>\n<p>Vinification et \u00e9levage sur lies en oeuf b\u00e9ton.<\/p>\n<p>Des d\u00e9p\u00f4ts naturels peuvent appara\u00eetre en bouteille. Ceci n&rsquo;alt\u00e8re en rien la qualit\u00e9 du vin<\/p>\n<p>&nbsp;<\/p>\n<p>&nbsp;<\/p>\n<p><strong>Le Guide des Meilleurs Vins de France 2025:<\/strong><\/p>\n<p><em>\u00ab\u00a0On en pince pour l&rsquo;originalit\u00e9 de la cuv\u00e9e Les Peaux Rouges, insolite avec ses notes de fruits rouges et sa d\u00e9licatesse, fin, min\u00e9ral et rond.\u00a0\u00bb<\/em><\/p>\n","protected":false},"excerpt":{"rendered":"<p>La cuv\u00e9e Les Peaux Rouges est un vin blanc, issu de raisins noirs, de l&rsquo;une de nos plus vieilles parcelles de Cinsault. Un vin blanc atypique avec une belle fraicheur, du gras et des notes de fruits rouges. &nbsp; Cuv\u00e9e parcellaire produite \u00e0 2200 bouteilles en 2025 &nbsp; C\u00e9pages :\u00a0Cinsault 100% Age des vignes : [&hellip;]<\/p>\n","protected":false},"featured_media":1927,"comment_status":"open","ping_status":"closed","template":"","meta":[],"product_brand":[],"product_cat":[24],"product_tag":[],"class_list":{"0":"post-1199","1":"product","2":"type-product","3":"status-publish","4":"has-post-thumbnail","6":"product_cat-blanc","8":"first","9":"instock","10":"shipping-taxable","11":"purchasable","12":"product-type-simple"},"_links":{"self":[{"href":"https:\/\/www.closdelours.com\/index.php\/wp-json\/wp\/v2\/product\/1199","targetHints":{"allow":["GET"]}}],"collection":[{"href":"https:\/\/www.closdelours.com\/index.php\/wp-json\/wp\/v2\/product"}],"about":[{"href":"https:\/\/www.closdelours.com\/index.php\/wp-json\/wp\/v2\/types\/product"}],"replies":[{"embeddable":true,"href":"https:\/\/www.closdelours.com\/index.php\/wp-json\/wp\/v2\/comments?post=1199"}],"wp:featuredmedia":[{"embeddable":true,"href":"https:\/\/www.closdelours.com\/index.php\/wp-json\/wp\/v2\/media\/1927"}],"wp:attachment":[{"href":"https:\/\/www.closdelours.com\/index.php\/wp-json\/wp\/v2\/media?parent=1199"}],"wp:term":[{"taxonomy":"product_brand","embeddable":true,"href":"https:\/\/www.closdelours.com\/index.php\/wp-json\/wp\/v2\/product_brand?post=1199"},{"taxonomy":"product_cat","embeddable":true,"href":"https:\/\/www.closdelours.com\/index.php\/wp-json\/wp\/v2\/product_cat?post=1199"},{"taxonomy":"product_tag","embeddable":true,"href":"https:\/\/www.closdelours.com\/index.php\/wp-json\/wp\/v2\/product_tag?post=1199"}],"curies":[{"name":"wp","href":"https:\/\/api.w.org\/{rel}","templated":true}]}}